{"id":8643,"date":"2016-02-23T13:08:28","date_gmt":"2016-02-23T12:08:28","guid":{"rendered":"http:\/\/www.oranjerie-ameland.nl\/?page_id=8643"},"modified":"2024-12-31T11:33:22","modified_gmt":"2024-12-31T10:33:22","slug":"home","status":"publish","type":"page","link":"https:\/\/oranjerie-ameland.nl\/de\/","title":{"rendered":"Home"},"content":{"rendered":"<div class=\"wpb-content-wrapper\"><p>[vc_row full_width=&#8220;stretch_row&#8220; css=&#8220;.vc_custom_1482251549699{background-color: #ffd1b2 !important;border-radius: 3px !important;}&#8220;][vc_column][vc_raw_js]JTNDc2NyaXB0JTIwc3JjJTNEJTIyaHR0cHMlM0ElMkYlMkZjZG4uYm9va3pvLm5sJTJGYm9va3pvLWVsZW1lbnRzJTJGYm9va3pvLWVsZW1lbnRzLmpzJTIyJTIwYXN5bmMlMjBkZWZlciUzRSUzQyUyRnNjcmlwdCUzRSUwQSUzQ3NjcmlwdCUzRSUwQSUwOXZhciUyMGJvb2t6b0VsZW1lbnRzTXVsdGlQYWdlU2V0dXAlMjAlM0QlMjAlN0IlMEElMDklMDlhcGlLZXklM0ElMjAlMjd5NWNyOGZycEdvOTMlMjclMkMlMEElMjAlMjAlMjAlMjAlMDklMDljb25maWclM0ElMjAlMjclN0IlMjJyZXN1bHRzJTIyJTNBJTdCJTIycHJlRmlsdGVycyUyMiUzQSU3QiUyMmdyb3VwSWRzJTIyJTNBJTVCMSU1RCU3RCU3RCU3RCUyNyUyQyUwQSUwOSUwOXJlc3VsdHNVcmwlM0ElMjAlMjclMkZkZSUyRnJlc3VsdGF0ZW4lMjclMkMlMEElMDklMDlvYmplY3RVcmwlM0ElMjAlMjclMkZkZSUyRm9iamVjdCUyNyUyQyUwQSUwOSUwOW9iamVjdFVybE1hcCUzQSUyMCU1QiUwQSUwOSUwOSUwOSU3QiUwQSUwOSUwOSUwOSUwOSUyRiUyRiUyMERlJTIwT3JhbmplcmllJTIwMjIlMEElMDklMDklMDklMDlvYmplY3RJZCUzQSUyMDElMkMlMEElMDklMDklMDklMDl1cmwlM0ElMjAlMjclMkZkZSUyRjIyLXBlcnNvbmVuJTI3JTBBJTA5JTA5JTA5JTdEJTJDJTBBJTA5JTA5JTA5JTdCJTBBJTA5JTA5JTA5JTA5JTJGJTJGJTIwRGUlMjBPcmFuamVyaWUlMjAxNiUwQSUwOSUwOSUwOSUwOW9iamVjdElkJTNBJTIwMiUyQyUwQSUwOSUwOSUwOSUwOXVybCUzQSUyMCUyNyUyRmRlJTJGMTYtcGVyc29uZW4lMjclMEElMDklMDklMDklN0QlMkMlMEElMDklMDklMDklN0IlMEElMDklMDklMDklMDklMkYlMkYlMjBEZSUyME9yYW5qZXJpZSUyMDYlMEElMDklMDklMDklMDlvYmplY3RJZCUzQSUyMDMlMkMlMEElMDklMDklMDklMDl1cmwlM0ElMjAlMjclMkZkZSUyRjYtcGVyc29uZW4lMjclMEElMDklMDklMDklN0QlMEElMDklMDklNUQlMkMlMEElMDklMDlib29rVXJsJTNBJTIwJTI3JTJGZGUlMkZyZXNlcnZlcmVuJTI3JTJDJTBBJTA5JTA5Y29uZmlybWF0aW9uVXJsJTNBJTIwJTI3JTJGZGUlMkZiZXZlc3RpZ2luZyUyNyUwQSUwOSU3RCUzQiUwQSUzQyUyRnNjcmlwdCUzRQ==[\/vc_raw_js][vc_raw_html]JTNDYm9va3pvLXNlYXJjaCUyMCUyMGNvbmZpZyUzRCUyNyU3QiUyMnNlYXJjaCUyMiUzQSU3QiUyMmFsbG93TXVsdGlwbGVBY2NvbW1vZGF0aW9ucyUyMiUzQWZhbHNlJTJDJTIyc2hvd0xhYmVscyUyMiUzQWZhbHNlJTJDJTIyc2hvd0lucHV0SWNvbnMlMjIlM0F0cnVlJTJDJTIyc2hvd0dyb3VwcyUyMiUzQWZhbHNlJTdEJTdEJTI3JTNFJTNDJTJGYm9va3pvLXNlYXJjaCUzRQ==[\/vc_raw_html][\/vc_column][\/vc_row][vc_row el_id=&#8220;welkom&#8220; el_class=&#8220;sectionPadding&#8220; css=&#8220;.vc_custom_1482245600843{padding-bottom: 30px !important;}&#8220;][vc_column offset=&#8220;vc_col-xs-12&#8243;][vc_empty_space height=&#8220;50px&#8220;][vc_row_inner css=&#8220;.vc_custom_1482250349514{background-image: url(http:\/\/oranjerie-ameland.nl\/wp-content\/uploads\/Oranjerie_Front_new.jpg?id=16409) !important;background-position: center !important;background-repeat: no-repeat !important;background-size: contain !important;}&#8220;][vc_column_inner width=&#8220;1\/2&#8243; css=&#8220;.vc_custom_1452161190899{background-image: url(http:\/\/www.oranjerie-ameland.nl\/wp-content\/uploads\/wit.png?id=8316) !important;background-position: center !important;background-repeat: no-repeat !important;background-size: cover !important;}&#8220;][vc_column_text]<\/p>\n<h1>Willkommen bei \u201ede Oranjerie\u201c<\/h1>\n<p>Das Gruppenhotel \u201ede Oranjerie\u201c befindet sich in Buren, auf der sch\u00f6nen Insel Ameland. Ein luxuri\u00f6ses Gruppenhotel, welches am Rande des Dorfes zu finden ist. In etwa 1,8 Kilometer gelangt man an den Strand und in 1,1 Kilometer an das Wattenmeer. Unser gem\u00fctlich eingerichtetes Gruppenhotel, mit Blick auf den Deich, das Wattenmeer und die D\u00fcnen beim Entenfang, sind der ideale Ort, um herrlich zu entspannen und sich vom Alltagsstress zu erholen. Ein traumhafter Platz f\u00fcr Ihren Urlaub!<\/p>\n<p>Unser Betrieb besteht aus insgesamt drei Unterk\u00fcnften: Ons Kasteel, het Koetshuis und \u201ede Oranjerie\u201c.<\/p>\n<p>Das Gruppenhotel \u201ede Oranjerie\u201c ist eine gem\u00fctliche Gruppenunterkunft mit Hotelniveau, welche f\u00fcr kleinere und gr\u00f6\u00dfere Gruppen, mit oder ohne Kinder geeignet ist. Auch Menschen mit Beeintr\u00e4chtigung finden hier die M\u00f6glichkeit zur Entspannung. Im Erdgeschoss befinden sich zwei gem\u00fctliche Wohnzimmer mit Jacobus Holzkamin, zwei vollst\u00e4ndig eingerichtete K\u00fcchen und drei angepasste Senioren-\/ Behindertengerechte Schlafzimmer mit Einzelboxspringbetten, einem Fernseher, einer Sitzecke, einer eigenen Dusche und einer Toilette. Haustiere sind leider nicht erlaubt.<\/p>\n<p>Wir hei\u00dfen Sie herzlich willkommen,<br \/>\nMarieke und Nico van Schaijk-Ketelaars[\/vc_column_text][\/vc_column_inner][vc_column_inner width=&#8220;1\/2&#8243; offset=&#8220;vc_hidden-xs&#8220; css=&#8220;.vc_custom_1711719541752{background-color: #ffffff !important;}&#8220;][vc_single_image image=&#8220;16405&#8243; img_size=&#8220;full&#8220;][\/vc_column_inner][\/vc_row_inner][vc_row_inner el_class=&#8220;boxFeature&#8220;][vc_column_inner el_class=&#8220;groepshotel&#8220; width=&#8220;1\/4&#8243;]<div class=\"icon_box icon_position_top no_border\"><div class=\"image_wrapper\"><img loading=\"lazy\" decoding=\"async\" class=\"scale-with-grid\" src=\"https:\/\/oranjerie-ameland.nl\/wp-content\/uploads\/groepshotel-1.jpg\" alt=\"groepshotel\" width=\"81\" height=\"81\"\/><\/div><div class=\"desc_wrapper\"><h4 class=\"title \">Gruppenhotel De Oranjerie<\/h4><div class=\"desc\">Sie k\u00f6nnen \u201ede Oranjerie\u201c f\u00fcr insgesamt 22 Personen mieten oder in Teilen f\u00fcr 6 oder 16 Personen.<\/p>\n<p>Zus\u00e4tzlich buchbar:<br \/>\n\u2013 Bettw\u00e4sche Paket<br \/>\n\u2013 Handt\u00fccher Paket<br \/>\n\u2013 K\u00fcchent\u00fccher Paket<br \/>\n\u2013 Holz<br \/>\n\u2013 Kinderbett<br \/>\n\u2013 Einzelzimmerzuschlag<br \/>\n<\/div><\/div><\/div>\n[\/vc_column_inner][vc_column_inner el_class=&#8220;wifi&#8220; width=&#8220;1\/4&#8243;]<div class=\"icon_box icon_position_top no_border\"><div class=\"image_wrapper\"><img loading=\"lazy\" decoding=\"async\" class=\"scale-with-grid\" src=\"https:\/\/oranjerie-ameland.nl\/wp-content\/uploads\/wifi.jpg\" alt=\"wifi\" width=\"81\" height=\"81\"\/><\/div><div class=\"desc_wrapper\"><h4 class=\"title \">Gratis Wlan<\/h4><div class=\"desc\">In der gesamten \u201ede Oranjerie\u201c steht gratis WLAN zur Verf\u00fcgung.<\/div><\/div><\/div>\n[\/vc_column_inner][vc_column_inner el_class=&#8220;speelweide&#8220; width=&#8220;1\/4&#8243;]<div class=\"icon_box icon_position_top no_border\"><div class=\"image_wrapper\"><img loading=\"lazy\" decoding=\"async\" class=\"scale-with-grid\" src=\"https:\/\/oranjerie-ameland.nl\/wp-content\/uploads\/speelweide.jpg\" alt=\"speelweide\" width=\"81\" height=\"81\"\/><\/div><div class=\"desc_wrapper\"><h4 class=\"title \">Spielwiese<\/h4><div class=\"desc\">\u201eDe Oranjerie\u201c hat eine eigene Spielwiese, wo Sie auch die Fahrr\u00e4der abstellen und die Autos parken k\u00f6nnen. Zudem haben wir eine Ladestation f\u00fcr Elektrische Fahrr\u00e4der. Das Fu\u00dfballfeld und Volleyballfeld teilt man sich mit den anderen G\u00e4sten von \u201eOns Kasteel\u201c und \u201eKoetshuis\u201c.<\/div><\/div><\/div>\n[\/vc_column_inner][vc_column_inner el_class=&#8220;mindervaliden&#8220; width=&#8220;1\/4&#8243;]<div class=\"icon_box icon_position_top no_border\"><div class=\"image_wrapper\"><img loading=\"lazy\" decoding=\"async\" class=\"scale-with-grid\" src=\"https:\/\/oranjerie-ameland.nl\/wp-content\/uploads\/mindervalide.jpg\" alt=\"mindervalide\" width=\"81\" height=\"81\"\/><\/div><div class=\"desc_wrapper\"><h4 class=\"title \">Beeintr\u00e4chtigte Menschen<\/h4><div class=\"desc\">Bei uns ist jeder herzlich Willkommen und darum haben wir unser Hotel so angepasst das auch Menschen mit einer Beeintr\u00e4chtigung sich bei uns Wohlf\u00fchlen k\u00f6nnen. Im Erdgeschoss befinden sich 3 Senioren- und Behindertengerechte Schlafzimmer, welche \u00fcber eine angepasste Duschen und Toiletten verf\u00fcgen. Ben\u00f6tigen Sie Hilfe von einem Pflegedienst? Der Pflegedienst auf der Insel kommt auch gerne zu Ihnen. Alle Zimmer im Erdgeschoss haben keine Schwellen und sind gut zu erreichen.<\/div><\/div><\/div>\n[\/vc_column_inner][\/vc_row_inner][vc_row_inner el_class=&#8220;boxFeature&#8220;][vc_column_inner el_class=&#8220;parkeren&#8220; width=&#8220;1\/4&#8243;]<div class=\"icon_box icon_position_top no_border\"><div class=\"image_wrapper\"><img loading=\"lazy\" decoding=\"async\" class=\"scale-with-grid\" src=\"https:\/\/oranjerie-ameland.nl\/wp-content\/uploads\/parkeren.jpg\" alt=\"parkeren\" width=\"81\" height=\"81\"\/><\/div><div class=\"desc_wrapper\"><h4 class=\"title \">Parken<\/h4><div class=\"desc\">Bei \u201ede Oranjerie\u201c befinden sich 5 Parkpl\u00e4tze, welche Sie gerne nutzen k\u00f6nnen.<\/div><\/div><\/div>\n[\/vc_column_inner][vc_column_inner el_class=&#8220;houtkachel&#8220; width=&#8220;1\/4&#8243;]<div class=\"icon_box icon_position_top no_border\"><div class=\"image_wrapper\"><img loading=\"lazy\" decoding=\"async\" class=\"scale-with-grid\" src=\"https:\/\/oranjerie-ameland.nl\/wp-content\/uploads\/openhaard.jpg\" alt=\"openhaard\" width=\"81\" height=\"81\"\/><\/div><div class=\"desc_wrapper\"><h4 class=\"title \">Kamin<\/h4><div class=\"desc\">In jedem Wohnzimmer befindet sich ein Jacobus Holzkamin. Sie k\u00f6nnen selber Holz mitnehmen oder bei uns kaufen.<\/div><\/div><\/div>\n[\/vc_column_inner][vc_column_inner el_class=&#8220;huisdieren&#8220; width=&#8220;1\/4&#8243;]<div class=\"icon_box icon_position_top no_border\"><div class=\"image_wrapper\"><img loading=\"lazy\" decoding=\"async\" class=\"scale-with-grid\" src=\"https:\/\/oranjerie-ameland.nl\/wp-content\/uploads\/duurzaamheid.jpg\" alt=\"duurzaamheid\" width=\"81\" height=\"81\"\/><\/div><div class=\"desc_wrapper\"><h4 class=\"title \">Umweltfreundlich<\/h4><div class=\"desc\">Beim Bau von \u201ede Oranjerie\u201c haben wir darauf geachtet, umweltfreundliche Materialien und eine gute Isolation zu verwenden. Das Dach hat 53 Solarzellen. An der Vorderseite von \u201ede Oranjerie\u201c haben wir einen Sonnenboiler installiert f\u00fcr die Warmwasserversorgung. Im Jahr 2023 wird das Geb\u00e4ude mit einer neuen Bel\u00fcftung mit W\u00e4rmer\u00fcckgewinnung und Induktionskochfeldern ausgestattet.<\/div><\/div><\/div>\n[\/vc_column_inner][\/vc_row_inner][\/vc_column][\/vc_row][vc_row full_width=&#8220;stretch_row&#8220; el_id=&#8220;oranjerie&#8220; css=&#8220;.vc_custom_1606478791076{background-color: #383838 !important;}&#8220; el_class=&#8220;sectionPadding sectionProperty bgk bgk1&#8243;][vc_column width=&#8220;5\/12&#8243;][vc_empty_space height=&#8220;50px&#8220;][vc_single_image image=&#8220;8357&#8243; img_size=&#8220;full&#8220; style=&#8220;vc_box_circle_2&#8243;][\/vc_column][vc_column width=&#8220;7\/12&#8243; el_class=&#8220;Oranjerie&#8220;][vc_empty_space height=&#8220;50px&#8220;][vc_column_text]<\/p>\n<h3><span style=\"color: #ffffff;\">Gruppenhotel<\/span><span style=\"color: #ff6600;\">\u00a0\u201ede Oranjerie\u201c<\/span><\/h3>\n<p><span style=\"color: #d2d2d2;\">In\u00a0\u201ede Oranjerie\u201c \u00a0befinden sich zwei gem\u00fctliche Wohnzimmer mit einem Jacobus Holzkamin, zwei vollst\u00e4ndig eingerichtete K\u00fcchen und drei\u00a0<span style=\"color: #ff6600;\">angepasste Senioren-\u00a0\/ Behindertenschlafzimmer<\/span>\u00a0im Erdgeschoss.\u00a0Au\u00dferdem befinden sich im Erdgeschoss zwei Waschmaschinen und Zwei Trockner.<\/span><\/p>\n<p><span style=\"color: #d2d2d2;\">\u00dcber die gesamte L\u00e4nge der S\u00fcdseite befindet sich eine Sonnenterrasse auf welcher man die sch\u00f6ne Aussicht genie\u00dfen kann. Au\u00dferdem erreicht man von dort aus die <span style=\"color: #ff6600;\">Spielwiese<\/span> mit dem Fu\u00dfball- und Volleyballfeld.<\/span><\/p>\n<p><span style=\"color: #d2d2d2;\">Sie k\u00f6nnen \u201ede Oranjerie\u201c komplett mieten (22 Personen) oder in zwei Teilen: Der eine Teil ist f\u00fcr <span style=\"color: #ff6600;\">6 Personen<\/span> mit einen Schlafzimmer im Erdgeschoss f\u00fcr Beeintr\u00e4chtigte Menschen und zwei Schlafzimmern im Obergeschoss. Der andere Teil ist f\u00fcr <span style=\"color: #ff6600;\">16 Personen<\/span> mit zwei Schlafzimmern im Erdgeschoss f\u00fcr Beeintr\u00e4chtigte Menschen und sechs Schlafzimmern im Obergeschoss. Alle Zimmer verf\u00fcgen \u00fcber Einzelboxspringbetten, einem Fernseher, einer Sitzecke, einer eigenen Dusche und einer Toilette. Das Erdgeschoss ist komplett rollstuhlfreundlich.<\/span><\/p>\n<p><span style=\"color: #d2d2d2;\">Vermietet wird \u201ede Oranjerie\u201c nur ab (min.) 2 N\u00e4chten. Parkpl\u00e4tze stehen Ihnen selbstverst\u00e4ndlich zur Verf\u00fcgung. Au\u00dferdem ist gratis WLAN vorhanden.<\/span>[\/vc_column_text][vc_empty_space height=&#8220;50px&#8220;][\/vc_column][\/vc_row][vc_row full_width=&#8220;stretch_row&#8220; el_id=&#8220;indeling&#8220; css=&#8220;.vc_custom_1482249286255{padding-top: 60px !important;background-color: #ffffff !important;}&#8220;][vc_column width=&#8220;1\/2&#8243;][vc_column_text]<\/p>\n<h3>Aufteilung\u00a0<span style=\"color: #f0542d;\">De Oranjerie<\/span><\/h3>\n<h4><span style=\"color: #ff6600;\">Erdgeschoss<\/span><\/h4>\n<ul>\n<li><span style=\"color: #ff6600;\">Wohnzimmer mit Kamin, Sitz- und Essecke.\u00a0<\/span><\/li>\n<li><span style=\"color: #ff6600;\">Zwei vollst\u00e4ndig eingerichtete K\u00fcchen.<\/span><\/li>\n<li><span style=\"color: #ff6600;\">3 Doppelzimmer f\u00fcr Behinderte, mit je zwei Einzelboxspringbetten, Sitzecke mit TV, eigene Dusche und Toilette.\u00a0<\/span><\/li>\n<\/ul>\n<h4><span style=\"color: #ff6600;\">Obergeschoss<\/span><\/h4>\n<ul>\n<li><span style=\"color: #ff6600;\">8 Doppelzimmer mit zwei Einzelboxspringbetten, Sitzecke mit TV, eigene Dusche und Toilette.<\/span><\/li>\n<\/ul>\n<p>[\/vc_column_text][vc_column_text]<\/p>\n<h3>Ausstattung<\/h3>\n<ul>\n<li>Gem\u00fctliche und komfortabele Ausstattung<\/li>\n<li>Jacobus Holzkamin in Wohnzimmer<\/li>\n<li>Waschmaschine und Trockner<\/li>\n<li>Rollstuhlfreundlich<\/li>\n<li>5 Parkpl\u00e4tze<\/li>\n<li>ladestation f\u00fcr elektrische Fahrr\u00e4der<\/li>\n<li>Gratis WLAN<\/li>\n<li>Haustiere sind nicht erlaubt<\/li>\n<\/ul>\n<p>[\/vc_column_text][\/vc_column][vc_column width=&#8220;1\/2&#8243;][vc_empty_space][vc_images_carousel images=&#8220;8707,595&#8243; img_size=&#8220;700&#215;500&#8243;][\/vc_column][\/vc_row][vc_row full_width=&#8220;stretch_row&#8220; el_id=&#8220;Locatie&#8220; el_class=&#8220;sectionPadding bgk bgk1&#8243; css=&#8220;.vc_custom_1482249329721{background-image: url(http:\/\/www.oranjerie-ameland.nl\/wp-content\/uploads\/omgeving.jpg?id=8476) !important;}&#8220;][vc_column width=&#8220;7\/12&#8243; el_class=&#8220;location&#8220;][vc_column_text el_class=&#8220;infoBox&#8220;]<\/p>\n<h3><span style=\"color: #ffffff;\">Lage \u00a0<span class=\"mh-sp\">&amp;\u00a0&amp; Umgebung<\/span><\/span><\/h3>\n<p><span style=\"color: #ffffff;\">Gruppenhotel \u201eDe Oranjerie\u201c befindet sich im Dorf Buren an der Ostseite von der Insel Ameland.<br \/>\nInnerhalb weniger Minuten sind Sie am Wattenmeer und auch zum Strand ist es nicht weit entfernt.<\/span>[\/vc_column_text][vc_row_inner][vc_column_inner el_class=&#8220;box&#8220; width=&#8220;1\/2&#8243;][vc_icon icon_fontawesome=&#8220;fa fa-sun-o&#8220; color=&#8220;white&#8220; size=&#8220;lg&#8220; align=&#8220;center&#8220;][vc_column_text]<\/p>\n<h4 style=\"text-align: center;\"><span style=\"color: #ffffff;\">Strand<\/span><\/h4>\n<p style=\"text-align: center;\"><span style=\"color: #ffffff;\">Der Badestrand von Buren ist ca. 1,8 Kilometer entfernt. <\/span><\/p>\n<p>[\/vc_column_text][\/vc_column_inner][vc_column_inner el_class=&#8220;box top0&#8243; width=&#8220;1\/2&#8243;][vc_icon icon_fontawesome=&#8220;fa fa-diamond&#8220; color=&#8220;white&#8220; size=&#8220;lg&#8220; align=&#8220;center&#8220;][vc_column_text]<\/p>\n<h4 style=\"text-align: center;\"><span style=\"color: #ffffff;\">Unesco-Welterbe: Das Watt<\/span><\/h4>\n<p style=\"text-align: center;\"><span style=\"color: #ffffff;\">Das Unesco-Welterbe Gebiet ist ca. 1,1 Kilometer entfernt und ist ein wundersch\u00f6nes St\u00fcckchen Natur, das man sich sicherlich ansehen muss.<\/span><\/p>\n<p>[\/vc_column_text][\/vc_column_inner][\/vc_row_inner][vc_row_inner][vc_column_inner el_class=&#8220;box top1&#8243; width=&#8220;1\/2&#8243;][vc_icon icon_fontawesome=&#8220;fa fa-shopping-basket&#8220; color=&#8220;white&#8220; size=&#8220;lg&#8220; align=&#8220;center&#8220;][vc_column_text]<\/p>\n<h4 style=\"text-align: center;\"><span style=\"color: #ffffff;\">Supermarkt<\/span><\/h4>\n<p style=\"text-align: center;\"><span style=\"color: #ffffff;\">Ein Supermarkt (Jumbo) befindet sich auf 2,2 Kilometer Abstand.<\/span><\/p>\n<p>[\/vc_column_text][\/vc_column_inner][vc_column_inner el_class=&#8220;box top2&#8243; width=&#8220;1\/2&#8243;][vc_icon icon_fontawesome=&#8220;fa fa-fort-awesome&#8220; color=&#8220;white&#8220; size=&#8220;lg&#8220; align=&#8220;center&#8220;][vc_column_text]<\/p>\n<h4 style=\"text-align: center;\"><span style=\"color: #ffffff;\">Erholungsgebiet: de Vleyen<\/span><\/h4>\n<p style=\"text-align: center;\"><span style=\"color: #ffffff;\">1,8 Kilometer von der Oranjerie entfernt liegt das Erholungsgebiet de Vleyen. Hier kann man herrlich einen ganzen Tag ausruhen und von Spiel, Sport und Spa\u00df genie\u00dfen.<\/span><\/p>\n<p>[\/vc_column_text][\/vc_column_inner][\/vc_row_inner][\/vc_column][vc_column width=&#8220;1\/3&#8243;][\/vc_column][vc_column width=&#8220;5\/12&#8243;][vc_gmaps link=&#8220;#E-8_JTNDaWZyYW1lJTIwc3JjJTNEJTIyaHR0cHMlM0ElMkYlMkZ3d3cuZ29vZ2xlLmNvbSUyRm1hcHMlMkZlbWJlZCUzRnBiJTNEJTIxMW0xOCUyMTFtMTIlMjExbTMlMjExZDMwMDEuMTczNzUzNDQ3MDUyNiUyMTJkNS44MDQ5ODI0OTU5NDcyNzglMjEzZDUzLjQ0NzI0MjQwOTg3MzQ0NiUyMTJtMyUyMTFmMCUyMTJmMCUyMTNmMCUyMTNtMiUyMTFpMTAyNCUyMTJpNzY4JTIxNGYxMy4xJTIxM20zJTIxMW0yJTIxMXMweDQ3YzkwZjEzYTVkMTI4OWYlMjUzQTB4NDUwYjI1Yzg0OGEzOTU1NSUyMTJzZ3JvZXBzaG90ZWwlMjUyMERlJTI1MjBPcmFuamVyaWUlMjE1ZTElMjEzbTIlMjExc25sJTIxMnNubCUyMTR2MTY3Mzk5MjQzMDIzOSUyMTVtMiUyMTFzbmwlMjEyc25sJTIyJTIwd2lkdGglM0QlMjI2MDAlMjIlMjBoZWlnaHQlM0QlMjI0NTAlMjIlMjBzdHlsZSUzRCUyMmJvcmRlciUzQTAlM0IlMjIlMjBhbGxvd2Z1bGxzY3JlZW4lM0QlMjIlMjIlMjBsb2FkaW5nJTNEJTIybGF6eSUyMiUyMHJlZmVycmVycG9saWN5JTNEJTIybm8tcmVmZXJyZXItd2hlbi1kb3duZ3JhZGUlMjIlM0UlM0MlMkZpZnJhbWUlM0U=&#8220;][\/vc_column][vc_column offset=&#8220;vc_col-xs-11&#8243;][vc_row_inner el_id=&#8220;contact&#8220; css=&#8220;.vc_custom_1452603585684{margin-top: 60px !important;}&#8220;][vc_column_inner width=&#8220;1\/2&#8243;][vc_column_text el_class=&#8220;infoBox&#8220;]<\/p>\n<h3><span style=\"color: #ffffff;\">Kontaktinformation \u00a0<\/span><\/h3>\n<p><span style=\"color: #d2d2d2;\">Familie\u00a0van Schaijk \u2013 Ketelaars<\/span><\/p>\n<p><span style=\"color: #d2d2d2;\">T. Boelensweg 9-11<\/span><br \/>\n<span style=\"color: #d2d2d2;\"> 9164 KP Buren<\/span><br \/>\n<span style=\"color: #d2d2d2;\"> Tel: 0519-542189<\/span><br \/>\n<span style=\"color: #d2d2d2;\"> Mob: 0657344436<\/span><\/p>\n<p><span style=\"color: #d2d2d2;\">E-mail:\u00a0info@oranjerie-ameland.nl<\/span>[\/vc_column_text][\/vc_column_inner][vc_column_inner width=&#8220;1\/2&#8243;]\n<div class=\"wpcf7 no-js\" id=\"wpcf7-f16744-o1\" lang=\"nl-NL\" dir=\"ltr\" data-wpcf7-id=\"16744\">\n<div class=\"screen-reader-response\"><p role=\"status\" aria-live=\"polite\" aria-atomic=\"true\"><\/p> <ul><\/ul><\/div>\n<form action=\"\/de\/wp-json\/wp\/v2\/pages\/8643#wpcf7-f16744-o1\" method=\"post\" class=\"wpcf7-form init\" aria-label=\"Contactformulier\" novalidate=\"novalidate\" data-status=\"init\">\n<div style=\"display: none;\">\n<input type=\"hidden\" name=\"_wpcf7\" value=\"16744\" \/>\n<input type=\"hidden\" name=\"_wpcf7_version\" value=\"6.0.2\" \/>\n<input type=\"hidden\" name=\"_wpcf7_locale\" value=\"nl_NL\" \/>\n<input type=\"hidden\" name=\"_wpcf7_unit_tag\" value=\"wpcf7-f16744-o1\" \/>\n<input type=\"hidden\" name=\"_wpcf7_container_post\" value=\"0\" \/>\n<input type=\"hidden\" name=\"_wpcf7_posted_data_hash\" value=\"\" \/>\n<input type=\"hidden\" name=\"_wpcf7_recaptcha_response\" value=\"\" \/>\n<\/div>\n<p><br \/>\n<span class=\"wpcf7-form-control-wrap\" data-name=\"your-name\"><input size=\"40\" maxlength=\"400\" class=\"wpcf7-form-control wpcf7-text wpcf7-validates-as-required\" aria-required=\"true\" aria-invalid=\"false\" placeholder=\"Name (verpflichtend)\" value=\"\" type=\"text\" name=\"your-name\" \/><\/span>\n<\/p>\n<p><span class=\"wpcf7-form-control-wrap\" data-name=\"your-email\"><input size=\"40\" maxlength=\"400\" class=\"wpcf7-form-control wpcf7-email wpcf7-validates-as-required wpcf7-text wpcf7-validates-as-email\" aria-required=\"true\" aria-invalid=\"false\" placeholder=\"E-mail(verpflichtend)\" value=\"\" type=\"email\" name=\"your-email\" \/><\/span>\n<\/p>\n<p><span class=\"wpcf7-form-control-wrap\" data-name=\"your-message\"><textarea cols=\"40\" rows=\"10\" maxlength=\"2000\" class=\"wpcf7-form-control wpcf7-textarea\" aria-invalid=\"false\" placeholder=\"Bemerkung\" name=\"your-message\"><\/textarea><\/span>\n<\/p>\n<p><input class=\"wpcf7-form-control wpcf7-submit has-spinner\" type=\"submit\" value=\"Verzenden\" \/>\n<\/p><div class=\"wpcf7-response-output\" aria-hidden=\"true\"><\/div>\n<\/form>\n<\/div>\n[\/vc_column_inner][\/vc_row_inner][\/vc_column][\/vc_row]<\/p>\n<\/div>","protected":false},"excerpt":{"rendered":"<p>[vc_row full_width=&#8220;stretch_row&#8220; css=&#8220;.vc_custom_1482251549699{background-color: #ffd1b2 !important;border-radius: 3px !important;}&#8220;][vc_column][vc_raw_js]JTNDc2NyaXB0JTIwc3JjJTNEJTIyaHR0cHMlM0ElMkYlMkZjZG4uYm9va3pvLm5sJTJGYm9va3pvLWVsZW1lbnRzJTJGYm9va3pvLWVsZW1lbnRzLmpzJTIyJTIwYXN5bmMlMjBkZWZlciUzRSUzQyUyRnNjcmlwdCUzRSUwQSUzQ3NjcmlwdCUzRSUwQSUwOXZhciUyMGJvb2t6b0VsZW1lbnRzTXVsdGlQYWdlU2V0dXAlMjAlM0QlMjAlN0IlMEElMDklMDlhcGlLZXklM0ElMjAlMjd5NWNyOGZycEdvOTMlMjclMkMlMEElMjAlMjAlMjAlMjAlMDklMDljb25maWclM0ElMjAlMjclN0IlMjJyZXN1bHRzJTIyJTNBJTdCJTIycHJlRmlsdGVycyUyMiUzQSU3QiUyMmdyb3VwSWRzJTIyJTNBJTVCMSU1RCU3RCU3RCU3RCUyNyUyQyUwQSUwOSUwOXJlc3VsdHNVcmwlM0ElMjAlMjclMkZkZSUyRnJlc3VsdGF0ZW4lMjclMkMlMEElMDklMDlvYmplY3RVcmwlM0ElMjAlMjclMkZkZSUyRm9iamVjdCUyNyUyQyUwQSUwOSUwOW9iamVjdFVybE1hcCUzQSUyMCU1QiUwQSUwOSUwOSUwOSU3QiUwQSUwOSUwOSUwOSUwOSUyRiUyRiUyMERlJTIwT3JhbmplcmllJTIwMjIlMEElMDklMDklMDklMDlvYmplY3RJZCUzQSUyMDElMkMlMEElMDklMDklMDklMDl1cmwlM0ElMjAlMjclMkZkZSUyRjIyLXBlcnNvbmVuJTI3JTBBJTA5JTA5JTA5JTdEJTJDJTBBJTA5JTA5JTA5JTdCJTBBJTA5JTA5JTA5JTA5JTJGJTJGJTIwRGUlMjBPcmFuamVyaWUlMjAxNiUwQSUwOSUwOSUwOSUwOW9iamVjdElkJTNBJTIwMiUyQyUwQSUwOSUwOSUwOSUwOXVybCUzQSUyMCUyNyUyRmRlJTJGMTYtcGVyc29uZW4lMjclMEElMDklMDklMDklN0QlMkMlMEElMDklMDklMDklN0IlMEElMDklMDklMDklMDklMkYlMkYlMjBEZSUyME9yYW5qZXJpZSUyMDYlMEElMDklMDklMDklMDlvYmplY3RJZCUzQSUyMDMlMkMlMEElMDklMDklMDklMDl1cmwlM0ElMjAlMjclMkZkZSUyRjYtcGVyc29uZW4lMjclMEElMDklMDklMDklN0QlMEElMDklMDklNUQlMkMlMEElMDklMDlib29rVXJsJTNBJTIwJTI3JTJGZGUlMkZyZXNlcnZlcmVuJTI3JTJDJTBBJTA5JTA5Y29uZmlybWF0aW9uVXJsJTNBJTIwJTI3JTJGZGUlMkZiZXZlc3RpZ2luZyUyNyUwQSUwOSU3RCUzQiUwQSUzQyUyRnNjcmlwdCUzRQ==[\/vc_raw_js][vc_raw_html]JTNDYm9va3pvLXNlYXJjaCUyMCUyMGNvbmZpZyUzRCUyNyU3QiUyMnNlYXJjaCUyMiUzQSU3QiUyMmFsbG93TXVsdGlwbGVBY2NvbW1vZGF0aW9ucyUyMiUzQWZhbHNlJTJDJTIyc2hvd0xhYmVscyUyMiUzQWZhbHNlJTJDJTIyc2hvd0lucHV0SWNvbnMlMjIlM0F0cnVlJTJDJTIyc2hvd0dyb3VwcyUyMiUzQWZhbHNlJTdEJTdEJTI3JTNFJTNDJTJGYm9va3pvLXNlYXJjaCUzRQ==[\/vc_raw_html][\/vc_column][\/vc_row][vc_row el_id=&#8220;welkom&#8220; el_class=&#8220;sectionPadding&#8220; css=&#8220;.vc_custom_1482245600843{padding-bottom: 30px !important;}&#8220;][vc_column offset=&#8220;vc_col-xs-12&#8243;][vc_empty_space height=&#8220;50px&#8220;][vc_row_inner css=&#8220;.vc_custom_1482250349514{background-image: url(http:\/\/oranjerie-ameland.nl\/wp-content\/uploads\/Oranjerie_Front_new.jpg?id=16409) !important;background-position: center !important;background-repeat: no-repeat !important;background-size: contain !important;}&#8220;][vc_column_inner width=&#8220;1\/2&#8243; css=&#8220;.vc_custom_1452161190899{background-image: url(http:\/\/www.oranjerie-ameland.nl\/wp-content\/uploads\/wit.png?id=8316)<span class=\"excerpt-hellip\"> [\u2026]<\/span><\/p>\n","protected":false},"author":3,"featured_media":0,"parent":0,"menu_order":0,"comment_status":"closed","ping_status":"closed","template":"","meta":{"footnotes":""},"class_list":["post-8643","page","type-page","status-publish","hentry"],"_links":{"self":[{"href":"https:\/\/oranjerie-ameland.nl\/de\/wp-json\/wp\/v2\/pages\/8643","targetHints":{"allow":["GET"]}}],"collection":[{"href":"https:\/\/oranjerie-ameland.nl\/de\/wp-json\/wp\/v2\/pages"}],"about":[{"href":"https:\/\/oranjerie-ameland.nl\/de\/wp-json\/wp\/v2\/types\/page"}],"author":[{"embeddable":true,"href":"https:\/\/oranjerie-ameland.nl\/de\/wp-json\/wp\/v2\/users\/3"}],"replies":[{"embeddable":true,"href":"https:\/\/oranjerie-ameland.nl\/de\/wp-json\/wp\/v2\/comments?post=8643"}],"version-history":[{"count":62,"href":"https:\/\/oranjerie-ameland.nl\/de\/wp-json\/wp\/v2\/pages\/8643\/revisions"}],"predecessor-version":[{"id":16747,"href":"https:\/\/oranjerie-ameland.nl\/de\/wp-json\/wp\/v2\/pages\/8643\/revisions\/16747"}],"wp:attachment":[{"href":"https:\/\/oranjerie-ameland.nl\/de\/wp-json\/wp\/v2\/media?parent=8643"}],"curies":[{"name":"wp","href":"https:\/\/api.w.org\/{rel}","templated":true}]}}